{"id":78,"date":"2021-07-30T21:04:43","date_gmt":"2021-07-30T19:04:43","guid":{"rendered":"https:\/\/viajelen.com\/?page_id=78"},"modified":"2021-10-31T18:53:50","modified_gmt":"2021-10-31T16:53:50","slug":"sobre-mi","status":"publish","type":"page","link":"https:\/\/viajelen.com\/?page_id=78","title":{"rendered":"Sobre m\u00ed"},"content":{"rendered":"\n<p>Me llamo <strong>Elena Mar\u00eda de la Palma<\/strong>,&nbsp; pero en casa siempre me han llamado <strong>Marielen<\/strong> o <strong>Melen<\/strong>. Los amigos, <em><strong>Jelen.<\/strong><\/em><\/p>\n\n\n\n<p>Y lo de <strong>VIAJ<\/strong>ELEN porque siempre me ha gustado <strong>viajar<\/strong>, decid\u00ed estudiar turismo porque me llamaba mucho la atenci\u00f3n todo el contacto con lo extranjero. <\/p>\n\n\n\n<p>Soy Algecire\u00f1a de nacimiento, con ra\u00edces canarias por parte de madre. Siempre he sido muy independiente y desde los 18  llevo con la mochila a cuestas! Estudi\u00e9 en Sevilla, trabaj\u00e9 2 a\u00f1os en Inglaterra, luego 10 en M\u00e1laga, donde aprovech\u00e9 bien su aeropuerto para viajar <strong>low cost<\/strong> por Europa con frecuencia.<\/p>\n\n\n\n<p>Hace 5 a\u00f1os decid\u00ed que necesita m\u00e1s de 1 mes de vacaciones a\u00f1o, y me cambi\u00e9 a un trabajo por <strong>temporadas<\/strong>: he estado en Ibiza, en Tenerife y en Menorca currando. Los inviernos viajando siempre a lugares c\u00e1lidos: Filipinas y Tailandia, 2 veces antes del Covid y Canarias este pasado invierno.<\/p>\n\n\n\n<p>-\u00bfC\u00f3mo se consigue viajar tanto?<\/p>\n\n\n\n<p>&#8211; \u00a1La pregunta del mill\u00f3n! Pues gastando poco o ahorrando lo suficiente cuando est\u00e1s estable en un sitio. Hace ya unos a\u00f1os que sigo una vida m\u00e1s <strong>minimalista<\/strong>, sobre todo a la hora de viajar o de mudarme. <strong>Viajar lento<\/strong> tambi\u00e9n suele abaratar el presupuesto. Aunque la clave para no perder la ilusi\u00f3n, es ver todo con <strong>ojos de turista<\/strong>, que es lo que me funciona a m\u00ed. <\/p>\n\n\n\n<p>A menudo sucede que las mejores vivencias ocurren al salir de <strong>tu zona de confort<\/strong>, por eso necesitamos nuevas experiencias, esto es lo que pretende esta web: <\/p>\n\n\n\n<p>\u00a1Te ense\u00f1ar\u00e9 <strong>experiencias aut\u00e9nticas<\/strong> para que aproveches a tope un destino!<\/p>\n\n\n\n<p><strong>\u00a1Acomp\u00e1\u00f1ame en la aventura!<\/strong><\/p>\n\n\n\n<figure class=\"wp-block-gallery columns-1 is-cropped wp-block-gallery-1 is-layout-flex wp-block-gallery-is-layout-flex\"><ul class=\"blocks-gallery-grid\"><li class=\"blocks-gallery-item\"><figure><img loading=\"lazy\" decoding=\"async\" width=\"1024\" height=\"576\" src=\"https:\/\/viajelen.com\/wp-content\/uploads\/2021\/07\/image_editor_output_image714020286-1627671655651.jpg\" data-id=\"154\" class=\"wp-image-154\" srcset=\"https:\/\/viajelen.com\/wp-content\/uploads\/2021\/07\/image_editor_output_image714020286-1627671655651.jpg 1024w, https:\/\/viajelen.com\/wp-content\/uploads\/2021\/07\/image_editor_output_image714020286-1627671655651-300x169.jpg 300w, https:\/\/viajelen.com\/wp-content\/uploads\/2021\/07\/image_editor_output_image714020286-1627671655651-768x432.jpg 768w, https:\/\/viajelen.com\/wp-content\/uploads\/2021\/07\/image_editor_output_image714020286-1627671655651-107x60.jpg 107w\" sizes=\"auto, (max-width: 1024px) 100vw, 1024px\" \/><\/figure><\/li><\/ul><\/figure>\n\n\n\n<ul class=\"wp-block-social-links is-layout-flex wp-block-social-links-is-layout-flex\"><li class=\"wp-social-link wp-social-link-facebook  wp-block-social-link\"><a href=\"https:\/\/www.facebook.com\/viajelen\/\" class=\"wp-block-social-link-anchor\"><svg width=\"24\" height=\"24\" viewBox=\"0 0 24 24\" version=\"1.1\" xmlns=\"http:\/\/www.w3.org\/2000\/svg\" aria-hidden=\"true\" focusable=\"false\"><path d=\"M12 2C6.5 2 2 6.5 2 12c0 5 3.7 9.1 8.4 9.9v-7H7.9V12h2.5V9.8c0-2.5 1.5-3.9 3.8-3.9 1.1 0 2.2.2 2.2.2v2.5h-1.3c-1.2 0-1.6.8-1.6 1.6V12h2.8l-.4 2.9h-2.3v7C18.3 21.1 22 17 22 12c0-5.5-4.5-10-10-10z\"><\/path><\/svg><span class=\"wp-block-social-link-label screen-reader-text\">Facebook<\/span><\/a><\/li>\n\n<li class=\"wp-social-link wp-social-link-instagram  wp-block-social-link\"><a href=\"https:\/\/www.instagram.com\/viajelen\/?hl=es\" class=\"wp-block-social-link-anchor\"><svg width=\"24\" height=\"24\" viewBox=\"0 0 24 24\" version=\"1.1\" xmlns=\"http:\/\/www.w3.org\/2000\/svg\" aria-hidden=\"true\" focusable=\"false\"><path d=\"M12,4.622c2.403,0,2.688,0.009,3.637,0.052c0.877,0.04,1.354,0.187,1.671,0.31c0.42,0.163,0.72,0.358,1.035,0.673 c0.315,0.315,0.51,0.615,0.673,1.035c0.123,0.317,0.27,0.794,0.31,1.671c0.043,0.949,0.052,1.234,0.052,3.637 s-0.009,2.688-0.052,3.637c-0.04,0.877-0.187,1.354-0.31,1.671c-0.163,0.42-0.358,0.72-0.673,1.035 c-0.315,0.315-0.615,0.51-1.035,0.673c-0.317,0.123-0.794,0.27-1.671,0.31c-0.949,0.043-1.233,0.052-3.637,0.052 s-2.688-0.009-3.637-0.052c-0.877-0.04-1.354-0.187-1.671-0.31c-0.42-0.163-0.72-0.358-1.035-0.673 c-0.315-0.315-0.51-0.615-0.673-1.035c-0.123-0.317-0.27-0.794-0.31-1.671C4.631,14.688,4.622,14.403,4.622,12 s0.009-2.688,0.052-3.637c0.04-0.877,0.187-1.354,0.31-1.671c0.163-0.42,0.358-0.72,0.673-1.035 c0.315-0.315,0.615-0.51,1.035-0.673c0.317-0.123,0.794-0.27,1.671-0.31C9.312,4.631,9.597,4.622,12,4.622 M12,3 C9.556,3,9.249,3.01,8.289,3.054C7.331,3.098,6.677,3.25,6.105,3.472C5.513,3.702,5.011,4.01,4.511,4.511 c-0.5,0.5-0.808,1.002-1.038,1.594C3.25,6.677,3.098,7.331,3.054,8.289C3.01,9.249,3,9.556,3,12c0,2.444,0.01,2.751,0.054,3.711 c0.044,0.958,0.196,1.612,0.418,2.185c0.23,0.592,0.538,1.094,1.038,1.594c0.5,0.5,1.002,0.808,1.594,1.038 c0.572,0.222,1.227,0.375,2.185,0.418C9.249,20.99,9.556,21,12,21s2.751-0.01,3.711-0.054c0.958-0.044,1.612-0.196,2.185-0.418 c0.592-0.23,1.094-0.538,1.594-1.038c0.5-0.5,0.808-1.002,1.038-1.594c0.222-0.572,0.375-1.227,0.418-2.185 C20.99,14.751,21,14.444,21,12s-0.01-2.751-0.054-3.711c-0.044-0.958-0.196-1.612-0.418-2.185c-0.23-0.592-0.538-1.094-1.038-1.594 c-0.5-0.5-1.002-0.808-1.594-1.038c-0.572-0.222-1.227-0.375-2.185-0.418C14.751,3.01,14.444,3,12,3L12,3z M12,7.378 c-2.552,0-4.622,2.069-4.622,4.622S9.448,16.622,12,16.622s4.622-2.069,4.622-4.622S14.552,7.378,12,7.378z M12,15 c-1.657,0-3-1.343-3-3s1.343-3,3-3s3,1.343,3,3S13.657,15,12,15z M16.804,6.116c-0.596,0-1.08,0.484-1.08,1.08 s0.484,1.08,1.08,1.08c0.596,0,1.08-0.484,1.08-1.08S17.401,6.116,16.804,6.116z\"><\/path><\/svg><span class=\"wp-block-social-link-label screen-reader-text\">Instagram<\/span><\/a><\/li>\n\n<li class=\"wp-social-link wp-social-link-youtube  wp-block-social-link\"><a href=\"https:\/\/youtube.com\/channel\/UCy-ZG333NaiCr2HPtrj0uew\" class=\"wp-block-social-link-anchor\"><svg width=\"24\" height=\"24\" viewBox=\"0 0 24 24\" version=\"1.1\" xmlns=\"http:\/\/www.w3.org\/2000\/svg\" aria-hidden=\"true\" focusable=\"false\"><path d=\"M21.8,8.001c0,0-0.195-1.378-0.795-1.985c-0.76-0.797-1.613-0.801-2.004-0.847c-2.799-0.202-6.997-0.202-6.997-0.202 h-0.009c0,0-4.198,0-6.997,0.202C4.608,5.216,3.756,5.22,2.995,6.016C2.395,6.623,2.2,8.001,2.2,8.001S2,9.62,2,11.238v1.517 c0,1.618,0.2,3.237,0.2,3.237s0.195,1.378,0.795,1.985c0.761,0.797,1.76,0.771,2.205,0.855c1.6,0.153,6.8,0.201,6.8,0.201 s4.203-0.006,7.001-0.209c0.391-0.047,1.243-0.051,2.004-0.847c0.6-0.607,0.795-1.985,0.795-1.985s0.2-1.618,0.2-3.237v-1.517 C22,9.62,21.8,8.001,21.8,8.001z M9.935,14.594l-0.001-5.62l5.404,2.82L9.935,14.594z\"><\/path><\/svg><span class=\"wp-block-social-link-label screen-reader-text\">YouTube<\/span><\/a><\/li><\/ul>\n","protected":false},"excerpt":{"rendered":"<p>Me llamo Elena Mar\u00eda de la Palma,&nbsp; pero en casa siempre me han llamado Marielen o Melen. Los amigos, Jelen. Y lo de VIAJELEN porque siempre me ha gustado viajar, decid\u00ed estudiar turismo porque me llamaba mucho la atenci\u00f3n todo el contacto con lo extranjero. Soy Algecire\u00f1a de nacimiento, con ra\u00edces canarias por parte de &hellip; <\/p>\n","protected":false},"author":1,"featured_media":255,"parent":0,"menu_order":0,"comment_status":"closed","ping_status":"closed","template":"","meta":{"om_disable_all_campaigns":false,"_monsterinsights_skip_tracking":false,"_monsterinsights_sitenote_active":false,"_monsterinsights_sitenote_note":"","_monsterinsights_sitenote_category":0,"footnotes":""},"class_list":["post-78","page","type-page","status-publish","has-post-thumbnail","hentry"],"aioseo_notices":[],"_links":{"self":[{"href":"https:\/\/viajelen.com\/index.php?rest_route=\/wp\/v2\/pages\/78","targetHints":{"allow":["GET"]}}],"collection":[{"href":"https:\/\/viajelen.com\/index.php?rest_route=\/wp\/v2\/pages"}],"about":[{"href":"https:\/\/viajelen.com\/index.php?rest_route=\/wp\/v2\/types\/page"}],"author":[{"embeddable":true,"href":"https:\/\/viajelen.com\/index.php?rest_route=\/wp\/v2\/users\/1"}],"replies":[{"embeddable":true,"href":"https:\/\/viajelen.com\/index.php?rest_route=%2Fwp%2Fv2%2Fcomments&post=78"}],"version-history":[{"count":11,"href":"https:\/\/viajelen.com\/index.php?rest_route=\/wp\/v2\/pages\/78\/revisions"}],"predecessor-version":[{"id":256,"href":"https:\/\/viajelen.com\/index.php?rest_route=\/wp\/v2\/pages\/78\/revisions\/256"}],"wp:featuredmedia":[{"embeddable":true,"href":"https:\/\/viajelen.com\/index.php?rest_route=\/wp\/v2\/media\/255"}],"wp:attachment":[{"href":"https:\/\/viajelen.com\/index.php?rest_route=%2Fwp%2Fv2%2Fmedia&parent=78"}],"curies":[{"name":"wp","href":"https:\/\/api.w.org\/{rel}","templated":true}]}}