{"id":226,"date":"2021-10-01T13:31:35","date_gmt":"2021-10-01T11:31:35","guid":{"rendered":"https:\/\/viajelen.com\/?page_id=226"},"modified":"2024-03-26T21:54:36","modified_gmt":"2024-03-26T19:54:36","slug":"servicios","status":"publish","type":"page","link":"https:\/\/viajelen.com\/?page_id=226","title":{"rendered":"Servicios"},"content":{"rendered":"\n<h2 class=\"wp-block-heading\">Travel Planner &#8211; Travel Coach &#8211; Virtual Assistant &#8211; Fotograf\u00eda &#8211; Video<\/h2>\n\n\n\n<div style=\"height:64px\" aria-hidden=\"true\" class=\"wp-block-spacer\"><\/div>\n\n\n\n<div class=\"wp-block-group alignfull\"><div class=\"wp-block-group__inner-container is-layout-flow wp-block-group-is-layout-flow\">\n<div class=\"wp-block-media-text alignfull has-media-on-the-right is-stacked-on-mobile is-vertically-aligned-top\" style=\"grid-template-columns:auto 35%\"><div class=\"wp-block-media-text__content\">\n<h2 class=\"wp-block-heading margin-bottom-half\">\u00bfNo tienes tiempo de organizar un viaje? <\/h2>\n\n\n\n<p class=\"margin-top-half\">Te ayudo a preparar tu viaje y te doy los consejos que necesites sobre el destino. <\/p>\n\n\n\n<p>Haremos una videollamada de 30 min y resolver\u00e9 las dudas que tengas y valoraremos tus necesidades.<\/p>\n\n\n\n<p>Solicita tu sesi\u00f3n por s\u00f3lo 10\u20ac\/ sesi\u00f3n. Es un precio ajustado que me ayuda a seguir creando contenido gratuito. <\/p>\n\n\n\n<p>En caso de necesitar m\u00e1s sesiones, se podr\u00eda aceptar el intercambio como forma de pago, por ejemplo: clases de idiomas, de yoga, de cocina, de costura, alojamiento, un corte de pelo&#8230; Cu\u00e9ntame cu\u00e1les son tus talentos y acordaremos el intercambio, me gusta creer en una forma de econom\u00eda colaborativa. <\/p>\n\n\n\n<p>Idiomas: Espa\u00f1ol, Ingl\u00e9s y Franc\u00e9s<\/p>\n\n\n\n<div class=\"wp-block-buttons is-layout-flex wp-block-buttons-is-layout-flex\"><\/div>\n\n\n\n<p>Curiosa por naturaleza, independiente, desde joven ya ten\u00eda claro que quer\u00eda dedicarme al turismo.<\/p>\n\n\n\n<p>Te puedo ayudar con los siguientes destinos:<\/p>\n\n\n\n<ul class=\"wp-block-list\">\n<li><strong>Campo de Gibraltar: Algeciras, Tarifa, Sotogrande, Conil<\/strong>&#8230; Es la zona donde nac\u00ed y donde vive mi familia. Un lugar estrat\u00e9gicamente situado, con mucha historia, turismo de naturaleza, senderismo en Parques Naturales, playas, golf, polo, deportes acu\u00e1ticos, surf, kitesurf&#8230; Una zona que conozco al detalle.<\/li>\n<\/ul>\n\n\n\n<ul class=\"wp-block-list\">\n<li><strong>Sevilla<\/strong>. All\u00ed estudi\u00e9 la diplomatura en <strong>Turismo<\/strong>, y el m\u00e1ster en <strong>Organizaci\u00f3n de Eventos<\/strong>. Ideal para turismo urbano y cultural. Cuando viv\u00eda all\u00ed sol\u00eda hacer <strong>rutas de tapas<\/strong> a extranjeros por el centro, as\u00ed que puedo darte buenos consejos.<\/li>\n<\/ul>\n\n\n\n<ul class=\"wp-block-list\">\n<li><strong>Inglaterra. <\/strong>Estuve 1 a\u00f1o viviendo en Torquay, Devon, y 6 meses en Brighton. En aquella \u00e9poca recorr\u00ed Londres, Liverpool, Manchester, Oxford, Exeter, Plymouth, Visit\u00e9 a amigos en Edimburgo&#8230;<\/li>\n<\/ul>\n\n\n\n<ul class=\"wp-block-list\">\n<li><strong>M\u00e1laga. <\/strong>All\u00ed<strong> <\/strong>viv\u00ed durante 10 a\u00f1os, trabajando en un hotel como recepcionista. Me encantaba conocer bares, museos, playas, rutas, pueblos cercanos, para luego recomendar a mis clientes. En esa \u00e9poca recorr\u00ed varios destinos europeos gracias a los vuelos lowcost:\n<ul class=\"wp-block-list\">\n<li><strong>Italia<\/strong>: B\u00e9rgamo, Mil\u00e1n, Florencia, Roma, Venecia, Verona.<\/li>\n\n\n\n<li><strong>Alemania<\/strong>: Dusseldorf, Colonia, Munich, Bremen, Hamburgo, Berl\u00edn.<\/li>\n\n\n\n<li><strong>Pa\u00edses Bajos<\/strong>: Maastrich, Amsterdam.<\/li>\n\n\n\n<li><strong>B\u00e9lgica,<\/strong> Bruselas y Gante.<\/li>\n\n\n\n<li><strong>R\u00e9publica Checa<\/strong>: Praga<\/li>\n\n\n\n<li><strong>Hungr\u00eda<\/strong>: Budapest<\/li>\n\n\n\n<li><strong>Francia<\/strong>: Par\u00eds, Lyon, Toulouse, Montpellier, Carcassonne, Nimes, Arles, Marsella.<\/li>\n\n\n\n<li><strong>Portugal: <\/strong>Lisboa, Algarve. <\/li>\n\n\n\n<li><strong>Dinamarca: <\/strong>Copenhague.<\/li>\n<\/ul>\n<\/li>\n<\/ul>\n\n\n\n<ul class=\"wp-block-list\">\n<li><strong>Islas Baleares: <\/strong> En<strong> Menorca<\/strong> llevo viviendo los 6 \u00faltimos veranos. Trabajo en un hotel, as\u00ed que tengo mucha <strong>informaci\u00f3n tur\u00edstica actualizada<\/strong>. Te puedo dar <strong>mil consejos y organizarte unas vacaciones a medida seg\u00fan tu presupuesto<\/strong>. Adem\u00e1s tambi\u00e9n estuve trabajando una temporada en <strong>Ibiza<\/strong> y he visitado <strong>Mallorca<\/strong> y <strong>Formentera<\/strong>. <\/li>\n<\/ul>\n\n\n\n<ul class=\"wp-block-list\">\n<li><strong>Islas Canarias. <\/strong>Las conozco todas, mi madre es de <strong>Tenerife<\/strong> y he trabajado all\u00ed durante un invierno en el que estuve dirigiendo un hotel a los pies del Teide. Los dos \u00faltimos inviernos los he pasado recorriendo el resto de islas. Mis favoritas: <strong>El Hierro<\/strong>, <strong>La Palma<\/strong>, <strong>Fuerteventura<\/strong> y <strong>Lanzarote<\/strong>. Te puedo asesorar perfectamente. <\/li>\n<\/ul>\n\n\n\n<ul class=\"wp-block-list\">\n<li><strong>Sudeste Asi\u00e1tico. <\/strong>He estado dos veces, la primera fueron 3 meses y la segunda 4, viviendo una repatriaci\u00f3n por cierre de fronteras por el COVID, as\u00ed que tengo capacidad para gestionar grandes imprevistos.\n<ul class=\"wp-block-list\">\n<li><strong>Singapur<\/strong><\/li>\n\n\n\n<li><strong>Tailandia: <\/strong>Bangkok, Krabi, Aonang, Ko phi phi, Ko Phan Ghan, Ko Lanta, Ko Thao, Chiang Mai, Pai. <\/li>\n\n\n\n<li><strong>Filipinas: <\/strong>Malapascua, Ceb\u00fa, Moalboal, Dumaguete, Apo Island, Siquijor, Bohol, Siargao, El Nido, Coron, Puerto Galera, Manila, Sibuyan, Romblon, Tablas, Carabao, Boracay, Gigante Island, Iloilo, Guimaras, Sipalay, Dauin, Leyte, Pintuyan, Limasawa, Padre Burgos, Carnaza Island. <\/li>\n<\/ul>\n<\/li>\n<\/ul>\n\n\n\n<ul class=\"wp-block-list\">\n<li><strong>Islas del Caribe franc\u00e9s. <\/strong>Tras 2 meses recorriendo <strong>Guadalupe, Dominica y Martinica<\/strong> en modo lowcost, te puedo dar muchas recomendaciones. Hice buenos contactos para alquiler de coches, salidas en velero, en catamar\u00e1n, buceo, cascadas, senderos, vivac en hamaca, alojamiento&#8230; <\/li>\n<\/ul>\n\n\n\n<ul class=\"wp-block-list\">\n<li>Ning\u00fan destino se me resiste, me encanta buscar informaci\u00f3n, tengo muchos amigos alrededor del mundo y puedo investigar por t\u00ed si t\u00fa no tienes tiempo. <\/li>\n<\/ul>\n\n\n\n<h1 class=\"wp-block-heading has-text-align-left\" style=\"font-size:30px\"><strong>Estas son mis especialidades: <\/strong><\/h1>\n\n\n\n<ul id=\"block-2f3c3b81-cc70-49c1-98a5-9da32461b90b\" class=\"has-medium-font-size wp-block-list\">\n<li><strong>Travel coach<\/strong> <strong>(asesora de viajes<\/strong>): 10\u20ac\/sesi\u00f3n de media hora por videollamada para resolver dudas y valorar tus necesidades. <\/li>\n\n\n\n<li><strong>Travel Planner (organizadora de viajes):<\/strong> Obt\u00e9n  un presupuesto personalizado que incluye: Vuelos, alojamiento y transporte en el destino. Adem\u00e1s consejos de actividades tur\u00edsticas e imprescindibles qu\u00e9 ver. <\/li>\n\n\n\n<li><strong>Virtual Assistant<\/strong> <strong>(asistente<\/strong> <strong>virtual<\/strong>): Ninguna gesti\u00f3n por ordenador se me resiste: reclamaci\u00f3n de vuelos, tramitaci\u00f3n de viajes para personas mayores, reservas de excursiones, reservas de alojamientos, reservas de coches de alquiler,  reservas de barcos, reservas de vuelos, reservas de restaurantes. Dime qu\u00e9 necesitas y yo lo encuentro por ti.<\/li>\n\n\n\n<li><strong>Edici\u00f3n de v\u00eddeo y fotograf\u00eda<\/strong>: Creaci\u00f3n y edici\u00f3n de v\u00eddeo y fotos para promocionar tu producto o servicio. <\/li>\n<\/ul>\n\n\n\n<ul class=\"wp-block-social-links is-layout-flex wp-block-social-links-is-layout-flex\"><li class=\"wp-social-link wp-social-link-wordpress  wp-block-social-link\"><a href=\"https:\/\/viajelen.com\/?page_id=98\" class=\"wp-block-social-link-anchor\"><svg width=\"24\" height=\"24\" viewBox=\"0 0 24 24\" version=\"1.1\" xmlns=\"http:\/\/www.w3.org\/2000\/svg\" aria-hidden=\"true\" focusable=\"false\"><path d=\"M12.158,12.786L9.46,20.625c0.806,0.237,1.657,0.366,2.54,0.366c1.047,0,2.051-0.181,2.986-0.51 c-0.024-0.038-0.046-0.079-0.065-0.124L12.158,12.786z M3.009,12c0,3.559,2.068,6.634,5.067,8.092L3.788,8.341 C3.289,9.459,3.009,10.696,3.009,12z M18.069,11.546c0-1.112-0.399-1.881-0.741-2.48c-0.456-0.741-0.883-1.368-0.883-2.109 c0-0.826,0.627-1.596,1.51-1.596c0.04,0,0.078,0.005,0.116,0.007C16.472,3.904,14.34,3.009,12,3.009 c-3.141,0-5.904,1.612-7.512,4.052c0.211,0.007,0.41,0.011,0.579,0.011c0.94,0,2.396-0.114,2.396-0.114 C7.947,6.93,8.004,7.642,7.52,7.699c0,0-0.487,0.057-1.029,0.085l3.274,9.739l1.968-5.901l-1.401-3.838 C9.848,7.756,9.389,7.699,9.389,7.699C8.904,7.67,8.961,6.93,9.446,6.958c0,0,1.484,0.114,2.368,0.114 c0.94,0,2.397-0.114,2.397-0.114c0.485-0.028,0.542,0.684,0.057,0.741c0,0-0.488,0.057-1.029,0.085l3.249,9.665l0.897-2.996 C17.841,13.284,18.069,12.316,18.069,11.546z M19.889,7.686c0.039,0.286,0.06,0.593,0.06,0.924c0,0.912-0.171,1.938-0.684,3.22 l-2.746,7.94c2.673-1.558,4.47-4.454,4.47-7.771C20.991,10.436,20.591,8.967,19.889,7.686z M12,22C6.486,22,2,17.514,2,12 C2,6.486,6.486,2,12,2c5.514,0,10,4.486,10,10C22,17.514,17.514,22,12,22z\"><\/path><\/svg><span class=\"wp-block-social-link-label screen-reader-text\">WordPress<\/span><\/a><\/li>\n\n<li class=\"wp-social-link wp-social-link-facebook  wp-block-social-link\"><a href=\"https:\/\/facebook.com\/viajelen\/\" class=\"wp-block-social-link-anchor\"><svg width=\"24\" height=\"24\" viewBox=\"0 0 24 24\" version=\"1.1\" xmlns=\"http:\/\/www.w3.org\/2000\/svg\" aria-hidden=\"true\" focusable=\"false\"><path d=\"M12 2C6.5 2 2 6.5 2 12c0 5 3.7 9.1 8.4 9.9v-7H7.9V12h2.5V9.8c0-2.5 1.5-3.9 3.8-3.9 1.1 0 2.2.2 2.2.2v2.5h-1.3c-1.2 0-1.6.8-1.6 1.6V12h2.8l-.4 2.9h-2.3v7C18.3 21.1 22 17 22 12c0-5.5-4.5-10-10-10z\"><\/path><\/svg><span class=\"wp-block-social-link-label screen-reader-text\">Facebook<\/span><\/a><\/li>\n\n<li class=\"wp-social-link wp-social-link-instagram  wp-block-social-link\"><a href=\"https:\/\/www.instagram.com\/viajelen\/?hl=es\" class=\"wp-block-social-link-anchor\"><svg width=\"24\" height=\"24\" viewBox=\"0 0 24 24\" version=\"1.1\" xmlns=\"http:\/\/www.w3.org\/2000\/svg\" aria-hidden=\"true\" focusable=\"false\"><path d=\"M12,4.622c2.403,0,2.688,0.009,3.637,0.052c0.877,0.04,1.354,0.187,1.671,0.31c0.42,0.163,0.72,0.358,1.035,0.673 c0.315,0.315,0.51,0.615,0.673,1.035c0.123,0.317,0.27,0.794,0.31,1.671c0.043,0.949,0.052,1.234,0.052,3.637 s-0.009,2.688-0.052,3.637c-0.04,0.877-0.187,1.354-0.31,1.671c-0.163,0.42-0.358,0.72-0.673,1.035 c-0.315,0.315-0.615,0.51-1.035,0.673c-0.317,0.123-0.794,0.27-1.671,0.31c-0.949,0.043-1.233,0.052-3.637,0.052 s-2.688-0.009-3.637-0.052c-0.877-0.04-1.354-0.187-1.671-0.31c-0.42-0.163-0.72-0.358-1.035-0.673 c-0.315-0.315-0.51-0.615-0.673-1.035c-0.123-0.317-0.27-0.794-0.31-1.671C4.631,14.688,4.622,14.403,4.622,12 s0.009-2.688,0.052-3.637c0.04-0.877,0.187-1.354,0.31-1.671c0.163-0.42,0.358-0.72,0.673-1.035 c0.315-0.315,0.615-0.51,1.035-0.673c0.317-0.123,0.794-0.27,1.671-0.31C9.312,4.631,9.597,4.622,12,4.622 M12,3 C9.556,3,9.249,3.01,8.289,3.054C7.331,3.098,6.677,3.25,6.105,3.472C5.513,3.702,5.011,4.01,4.511,4.511 c-0.5,0.5-0.808,1.002-1.038,1.594C3.25,6.677,3.098,7.331,3.054,8.289C3.01,9.249,3,9.556,3,12c0,2.444,0.01,2.751,0.054,3.711 c0.044,0.958,0.196,1.612,0.418,2.185c0.23,0.592,0.538,1.094,1.038,1.594c0.5,0.5,1.002,0.808,1.594,1.038 c0.572,0.222,1.227,0.375,2.185,0.418C9.249,20.99,9.556,21,12,21s2.751-0.01,3.711-0.054c0.958-0.044,1.612-0.196,2.185-0.418 c0.592-0.23,1.094-0.538,1.594-1.038c0.5-0.5,0.808-1.002,1.038-1.594c0.222-0.572,0.375-1.227,0.418-2.185 C20.99,14.751,21,14.444,21,12s-0.01-2.751-0.054-3.711c-0.044-0.958-0.196-1.612-0.418-2.185c-0.23-0.592-0.538-1.094-1.038-1.594 c-0.5-0.5-1.002-0.808-1.594-1.038c-0.572-0.222-1.227-0.375-2.185-0.418C14.751,3.01,14.444,3,12,3L12,3z M12,7.378 c-2.552,0-4.622,2.069-4.622,4.622S9.448,16.622,12,16.622s4.622-2.069,4.622-4.622S14.552,7.378,12,7.378z M12,15 c-1.657,0-3-1.343-3-3s1.343-3,3-3s3,1.343,3,3S13.657,15,12,15z M16.804,6.116c-0.596,0-1.08,0.484-1.08,1.08 s0.484,1.08,1.08,1.08c0.596,0,1.08-0.484,1.08-1.08S17.401,6.116,16.804,6.116z\"><\/path><\/svg><span class=\"wp-block-social-link-label screen-reader-text\">Instagram<\/span><\/a><\/li>\n\n<li class=\"wp-social-link wp-social-link-linkedin  wp-block-social-link\"><a href=\"https:\/\/www.linkedin.com\/in\/elenapavongonzalez\/\" class=\"wp-block-social-link-anchor\"><svg width=\"24\" height=\"24\" viewBox=\"0 0 24 24\" version=\"1.1\" xmlns=\"http:\/\/www.w3.org\/2000\/svg\" aria-hidden=\"true\" focusable=\"false\"><path d=\"M19.7,3H4.3C3.582,3,3,3.582,3,4.3v15.4C3,20.418,3.582,21,4.3,21h15.4c0.718,0,1.3-0.582,1.3-1.3V4.3 C21,3.582,20.418,3,19.7,3z M8.339,18.338H5.667v-8.59h2.672V18.338z M7.004,8.574c-0.857,0-1.549-0.694-1.549-1.548 c0-0.855,0.691-1.548,1.549-1.548c0.854,0,1.547,0.694,1.547,1.548C8.551,7.881,7.858,8.574,7.004,8.574z M18.339,18.338h-2.669 v-4.177c0-0.996-0.017-2.278-1.387-2.278c-1.389,0-1.601,1.086-1.601,2.206v4.249h-2.667v-8.59h2.559v1.174h0.037 c0.356-0.675,1.227-1.387,2.526-1.387c2.703,0,3.203,1.779,3.203,4.092V18.338z\"><\/path><\/svg><span class=\"wp-block-social-link-label screen-reader-text\">LinkedIn<\/span><\/a><\/li>\n\n<li class=\"wp-social-link wp-social-link-youtube  wp-block-social-link\"><a href=\"https:\/\/www.youtube.com\/channel\/UCy-ZG333NaiCr2HPtrj0uew\" class=\"wp-block-social-link-anchor\"><svg width=\"24\" height=\"24\" viewBox=\"0 0 24 24\" version=\"1.1\" xmlns=\"http:\/\/www.w3.org\/2000\/svg\" aria-hidden=\"true\" focusable=\"false\"><path d=\"M21.8,8.001c0,0-0.195-1.378-0.795-1.985c-0.76-0.797-1.613-0.801-2.004-0.847c-2.799-0.202-6.997-0.202-6.997-0.202 h-0.009c0,0-4.198,0-6.997,0.202C4.608,5.216,3.756,5.22,2.995,6.016C2.395,6.623,2.2,8.001,2.2,8.001S2,9.62,2,11.238v1.517 c0,1.618,0.2,3.237,0.2,3.237s0.195,1.378,0.795,1.985c0.761,0.797,1.76,0.771,2.205,0.855c1.6,0.153,6.8,0.201,6.8,0.201 s4.203-0.006,7.001-0.209c0.391-0.047,1.243-0.051,2.004-0.847c0.6-0.607,0.795-1.985,0.795-1.985s0.2-1.618,0.2-3.237v-1.517 C22,9.62,21.8,8.001,21.8,8.001z M9.935,14.594l-0.001-5.62l5.404,2.82L9.935,14.594z\"><\/path><\/svg><span class=\"wp-block-social-link-label screen-reader-text\">YouTube<\/span><\/a><\/li>\n\n<li class=\"wp-social-link wp-social-link-skype  wp-block-social-link\"><a href=\"https:\/\/bit.ly\/viajelen_skype\" class=\"wp-block-social-link-anchor\"><svg width=\"24\" height=\"24\" viewBox=\"0 0 24 24\" version=\"1.1\" xmlns=\"http:\/\/www.w3.org\/2000\/svg\" aria-hidden=\"true\" focusable=\"false\"><path d=\"M10.113,2.699c0.033-0.006,0.067-0.013,0.1-0.02c0.033,0.017,0.066,0.033,0.098,0.051L10.113,2.699z M2.72,10.223 c-0.006,0.034-0.011,0.069-0.017,0.103c0.018,0.032,0.033,0.064,0.051,0.095L2.72,10.223z M21.275,13.771 c0.007-0.035,0.011-0.071,0.018-0.106c-0.018-0.031-0.033-0.064-0.052-0.095L21.275,13.771z M13.563,21.199 c0.032,0.019,0.065,0.035,0.096,0.053c0.036-0.006,0.071-0.011,0.105-0.017L13.563,21.199z M22,16.386 c0,1.494-0.581,2.898-1.637,3.953c-1.056,1.057-2.459,1.637-3.953,1.637c-0.967,0-1.914-0.251-2.75-0.725 c0.036-0.006,0.071-0.011,0.105-0.017l-0.202-0.035c0.032,0.019,0.065,0.035,0.096,0.053c-0.543,0.096-1.099,0.147-1.654,0.147 c-1.275,0-2.512-0.25-3.676-0.743c-1.125-0.474-2.135-1.156-3.002-2.023c-0.867-0.867-1.548-1.877-2.023-3.002 c-0.493-1.164-0.743-2.401-0.743-3.676c0-0.546,0.049-1.093,0.142-1.628c0.018,0.032,0.033,0.064,0.051,0.095L2.72,10.223 c-0.006,0.034-0.011,0.069-0.017,0.103C2.244,9.5,2,8.566,2,7.615c0-1.493,0.582-2.898,1.637-3.953 c1.056-1.056,2.46-1.638,3.953-1.638c0.915,0,1.818,0.228,2.622,0.655c-0.033,0.007-0.067,0.013-0.1,0.02l0.199,0.031 c-0.032-0.018-0.066-0.034-0.098-0.051c0.002,0,0.003-0.001,0.004-0.001c0.586-0.112,1.187-0.169,1.788-0.169 c1.275,0,2.512,0.249,3.676,0.742c1.124,0.476,2.135,1.156,3.002,2.024c0.868,0.867,1.548,1.877,2.024,3.002 c0.493,1.164,0.743,2.401,0.743,3.676c0,0.575-0.054,1.15-0.157,1.712c-0.018-0.031-0.033-0.064-0.052-0.095l0.034,0.201 c0.007-0.035,0.011-0.071,0.018-0.106C21.754,14.494,22,15.432,22,16.386z M16.817,14.138c0-1.331-0.613-2.743-3.033-3.282 l-2.209-0.49c-0.84-0.192-1.807-0.444-1.807-1.237c0-0.794,0.679-1.348,1.903-1.348c2.468,0,2.243,1.696,3.468,1.696 c0.645,0,1.209-0.379,1.209-1.031c0-1.521-2.435-2.663-4.5-2.663c-2.242,0-4.63,0.952-4.63,3.488c0,1.221,0.436,2.521,2.839,3.123 l2.984,0.745c0.903,0.223,1.129,0.731,1.129,1.189c0,0.762-0.758,1.507-2.129,1.507c-2.679,0-2.307-2.062-3.743-2.062 c-0.645,0-1.113,0.444-1.113,1.078c0,1.236,1.501,2.886,4.856,2.886C15.236,17.737,16.817,16.199,16.817,14.138z\"><\/path><\/svg><span class=\"wp-block-social-link-label screen-reader-text\">Skype<\/span><\/a><\/li><\/ul>\n\n\n\n<div style=\"height:96px\" aria-hidden=\"true\" class=\"wp-block-spacer\"><\/div>\n<\/div><figure class=\"wp-block-media-text__media\"><img loading=\"lazy\" decoding=\"async\" width=\"2560\" height=\"1443\" src=\"https:\/\/viajelen.com\/wp-content\/uploads\/2021\/08\/IMG_20210526_125035-scaled.jpg\" alt=\"\" class=\"wp-image-225 size-full\" srcset=\"https:\/\/viajelen.com\/wp-content\/uploads\/2021\/08\/IMG_20210526_125035-scaled.jpg 2560w, https:\/\/viajelen.com\/wp-content\/uploads\/2021\/08\/IMG_20210526_125035-300x169.jpg 300w, https:\/\/viajelen.com\/wp-content\/uploads\/2021\/08\/IMG_20210526_125035-1024x577.jpg 1024w, https:\/\/viajelen.com\/wp-content\/uploads\/2021\/08\/IMG_20210526_125035-768x433.jpg 768w, https:\/\/viajelen.com\/wp-content\/uploads\/2021\/08\/IMG_20210526_125035-1536x866.jpg 1536w, https:\/\/viajelen.com\/wp-content\/uploads\/2021\/08\/IMG_20210526_125035-2048x1155.jpg 2048w, https:\/\/viajelen.com\/wp-content\/uploads\/2021\/08\/IMG_20210526_125035-106x60.jpg 106w\" sizes=\"auto, (max-width: 2560px) 100vw, 2560px\" \/><\/figure><\/div>\n<\/div><\/div>\n","protected":false},"excerpt":{"rendered":"<p>Travel Planner &#8211; Travel Coach &#8211; Virtual Assistant &#8211; Fotograf\u00eda &#8211; Video \u00bfNo tienes tiempo de organizar un viaje? Te ayudo a preparar tu viaje y te doy los consejos que necesites sobre el destino. Haremos una videollamada de 30 min y resolver\u00e9 las dudas que tengas y valoraremos tus necesidades. Solicita tu sesi\u00f3n por &hellip; <\/p>\n","protected":false},"author":1,"featured_media":0,"parent":0,"menu_order":0,"comment_status":"open","ping_status":"closed","template":"","meta":{"om_disable_all_campaigns":false,"_monsterinsights_skip_tracking":false,"_monsterinsights_sitenote_active":false,"_monsterinsights_sitenote_note":"","_monsterinsights_sitenote_category":0,"footnotes":""},"class_list":["post-226","page","type-page","status-publish","hentry"],"aioseo_notices":[],"_links":{"self":[{"href":"https:\/\/viajelen.com\/index.php?rest_route=\/wp\/v2\/pages\/226","targetHints":{"allow":["GET"]}}],"collection":[{"href":"https:\/\/viajelen.com\/index.php?rest_route=\/wp\/v2\/pages"}],"about":[{"href":"https:\/\/viajelen.com\/index.php?rest_route=\/wp\/v2\/types\/page"}],"author":[{"embeddable":true,"href":"https:\/\/viajelen.com\/index.php?rest_route=\/wp\/v2\/users\/1"}],"replies":[{"embeddable":true,"href":"https:\/\/viajelen.com\/index.php?rest_route=%2Fwp%2Fv2%2Fcomments&post=226"}],"version-history":[{"count":27,"href":"https:\/\/viajelen.com\/index.php?rest_route=\/wp\/v2\/pages\/226\/revisions"}],"predecessor-version":[{"id":305,"href":"https:\/\/viajelen.com\/index.php?rest_route=\/wp\/v2\/pages\/226\/revisions\/305"}],"wp:attachment":[{"href":"https:\/\/viajelen.com\/index.php?rest_route=%2Fwp%2Fv2%2Fmedia&parent=226"}],"curies":[{"name":"wp","href":"https:\/\/api.w.org\/{rel}","templated":true}]}}